{"id":692,"date":"2025-10-29T13:34:07","date_gmt":"2025-10-29T12:34:07","guid":{"rendered":"http:\/\/rudibauer.com\/?page_id=692"},"modified":"2026-02-17T13:01:42","modified_gmt":"2026-02-17T12:01:42","slug":"datenschutz","status":"publish","type":"page","link":"https:\/\/rudibauer.com\/en\/datenschutz\/","title":{"rendered":"Data protection"},"content":{"rendered":"<div class=\"wpb-content-wrapper\"><div data-parent=\"true\" class=\"vc_row has-bg need-focus style-color-jevc-bg row-container tablet-hidden mobile-hidden\" id=\"row-unique-0\"><div class=\"row triple-top-padding double-bottom-padding exa-h-padding full-width row-parent\"><div class=\"wpb_row row-inner\"><div class=\"wpb_column pos-top pos-center align_left column_parent col-lg-12 single-internal-gutter\"><div class=\"uncol style-dark\"  ><div class=\"uncoltable\"><div class=\"uncell no-block-padding\" ><div class=\"uncont\" ><div class=\"vc_custom_heading_wrap\"><div class=\"heading-text el-text\" data-marquee-speed=\"0\"><h1 class=\"custom font-weight-600 text-color-xsdn-color fontsize-241129-custom font-size-custom text-uppercase un-text-marquee un-marquee un-marquee-infinite\" ><span>DATENSCHUTZ \u00b7 DATENSCHUTZ\u00a0\u00b7<\/span><\/h1><\/div><div class=\"clear\"><\/div><\/div><\/div><\/div><\/div><\/div><\/div><script id=\"script-row-unique-0\" data-row=\"script-row-unique-0\" type=\"text\/javascript\" class=\"vc_controls\">UNCODE.initRow(document.getElementById(\"row-unique-0\"));<\/script><\/div><\/div><\/div><div data-parent=\"true\" class=\"vc_row has-bg need-focus style-color-jevc-bg row-container desktop-hidden\" id=\"row-unique-1\"><div class=\"row triple-top-padding no-bottom-padding exa-h-padding full-width row-parent\"><div class=\"wpb_row row-inner\"><div class=\"wpb_column pos-top pos-center align_left column_parent col-lg-12 single-internal-gutter\"><div class=\"uncol style-dark\"  ><div class=\"uncoltable\"><div class=\"uncell no-block-padding\" ><div class=\"uncont\" ><div class=\"vc_custom_heading_wrap\"><div class=\"heading-text el-text\" data-marquee-speed=\"0\"><h6 class=\"custom font-weight-600 text-color-xsdn-color fontsize-147500-custom font-size-custom text-uppercase un-text-marquee un-marquee un-marquee-infinite\" ><span>DATENSCHUTZ \u00b7 DATENSCHUTZ\u00a0\u00b7<\/span><\/h6><\/div><div class=\"clear\"><\/div><\/div><\/div><\/div><\/div><\/div><\/div><script id=\"script-row-unique-1\" data-row=\"script-row-unique-1\" type=\"text\/javascript\" class=\"vc_controls\">UNCODE.initRow(document.getElementById(\"row-unique-1\"));<\/script><\/div><\/div><\/div><div data-parent=\"true\" class=\"vc_row inverted-device-order style-color-jevc-bg row-container tablet-hidden mobile-hidden\" id=\"row-unique-2\" data-bg-changer=\"row-unique-2\" data-bg-remove=\"style-color-jevc-bg\" data-bg-color=\"style-color-jevc-bg\"><div class=\"row unequal col-quad-gutter single-top-padding quad-bottom-padding exa-h-padding full-width row-parent\" data-height-ratio=\"60\"><div class=\"wpb_row row-inner\"><div class=\"wpb_column pos-middle pos-left align_left column_parent col-lg-6 single-internal-gutter\"><div class=\"uncol style-dark\"  data-skin-change=\"style-dark\"><div class=\"uncoltable\"><div class=\"uncell no-block-padding\" ><div class=\"uncont\" style=\" max-width:90%;\" ><div class=\"uncode_text_column text-lead\" ><\/p>\n<h3 data-start=\"395\" data-end=\"422\"><strong data-start=\"399\" data-end=\"422\">1. Verantwortlicher<\/strong><\/h3>\n<p data-start=\"423\" data-end=\"558\">Rudi Bauer<br data-start=\"433\" data-end=\"436\" \/>Leitenberg 16<br data-start=\"449\" data-end=\"452\" \/>D-82266 Inning a. Ammersee<br data-start=\"478\" data-end=\"481\" \/>Deutschland<br data-start=\"492\" data-end=\"495\" \/>E-Mail: <a class=\"decorated-link cursor-pointer\" rel=\"noopener\" data-start=\"503\" data-end=\"556\">contact@rudibauer.com<\/a><\/p>\n<p data-start=\"560\" data-end=\"767\">Verantwortlich im Sinne der Datenschutz-Grundverordnung (DSGVO) und anderer nationaler Datenschutzgesetze der Mitgliedstaaten sowie sonstiger datenschutzrechtlicher Bestimmungen ist die oben genannte Person.<\/p>\n<h3 data-start=\"774\" data-end=\"818\"><strong data-start=\"778\" data-end=\"818\"><br \/>\n2. Allgemeines zur Datenverarbeitung<\/strong><\/h3>\n<p data-start=\"819\" data-end=\"1015\">Wir nehmen den Schutz Ihrer personenbezogenen Daten sehr ernst. Personenbezogene Daten sind alle Informationen, die sich auf eine identifizierte oder identifizierbare nat\u00fcrliche Person beziehen.<\/p>\n<p data-start=\"1017\" data-end=\"1377\">Wir verarbeiten personenbezogene Daten unserer Nutzer grunds\u00e4tzlich nur, soweit dies zur Bereitstellung einer funktionsf\u00e4higen Website sowie unserer Inhalte und Leistungen erforderlich ist. Die Verarbeitung personenbezogener Daten erfolgt regelm\u00e4\u00dfig nur nach Einwilligung des Nutzers oder wenn eine gesetzliche Grundlage besteht (Art. 6 Abs. 1 lit. a\u2013f DSGVO).<\/p>\n<h3 data-start=\"1384\" data-end=\"1449\"><\/h3>\n<h3 data-start=\"1384\" data-end=\"1449\"><strong data-start=\"1388\" data-end=\"1449\">3. Bereitstellung der Website und Erstellung von Logfiles<\/strong><\/h3>\n<p data-start=\"1450\" data-end=\"1594\">Bei jedem Aufruf unserer Internetseite erfasst unser System automatisiert Daten und Informationen vom Computersystem des aufrufenden Rechners.<\/p>\n<p data-start=\"1596\" data-end=\"1620\">Erfasst werden k\u00f6nnen:<\/p>\n<ul data-start=\"1621\" data-end=\"1826\">\n<li data-start=\"1621\" data-end=\"1647\">\n<p data-start=\"1623\" data-end=\"1647\">IP-Adresse des Nutzers<\/p>\n<\/li>\n<li data-start=\"1648\" data-end=\"1682\">\n<p data-start=\"1650\" data-end=\"1682\">Datum und Uhrzeit des Zugriffs<\/p>\n<\/li>\n<li data-start=\"1683\" data-end=\"1716\">\n<p data-start=\"1685\" data-end=\"1716\">Browsertyp und Browserversion<\/p>\n<\/li>\n<li data-start=\"1717\" data-end=\"1747\">\n<p data-start=\"1719\" data-end=\"1747\">Betriebssystem des Nutzers<\/p>\n<\/li>\n<li data-start=\"1748\" data-end=\"1787\">\n<p data-start=\"1750\" data-end=\"1787\">Referrer URL (zuvor besuchte Seite)<\/p>\n<\/li>\n<li data-start=\"1788\" data-end=\"1826\">\n<p data-start=\"1790\" data-end=\"1826\">Name und URL der abgerufenen Datei<\/p>\n<\/li>\n<\/ul>\n<p data-start=\"1828\" data-end=\"2000\">Diese Daten werden in den Logfiles unseres Systems gespeichert. Eine Speicherung dieser Daten zusammen mit anderen personenbezogenen Daten des Nutzers findet nicht statt.<\/p>\n<p data-start=\"2002\" data-end=\"2271\"><strong data-start=\"2002\" data-end=\"2021\">Rechtsgrundlage<\/strong>: Art. 6 Abs. 1 lit. f DSGVO (berechtigtes Interesse am sicheren Betrieb der Website).<br data-start=\"2107\" data-end=\"2110\" \/><strong data-start=\"2110\" data-end=\"2127\">Speicherdauer<\/strong>: Die Daten werden gel\u00f6scht, sobald sie f\u00fcr die Erreichung des Zweckes ihrer Erhebung nicht mehr erforderlich sind \u2013 in der Regel nach 30 Tagen.<\/p>\n<h3 data-start=\"2278\" data-end=\"2321\"><strong data-start=\"2282\" data-end=\"2321\"><br \/>\n4. Verwendung von YouTube und Vimeo<\/strong><\/h3>\n<p data-start=\"2322\" data-end=\"2541\">Auf unserer Website sind Videos der Plattformen <strong data-start=\"2370\" data-end=\"2381\">YouTube<\/strong> (Google Ireland Limited, Gordon House, Barrow Street, Dublin 4, Irland) und <strong data-start=\"2458\" data-end=\"2467\">Vimeo<\/strong> (Vimeo.com, Inc., 555 West 18th Street, New York 10011, USA) eingebettet.<\/p>\n<p data-start=\"2543\" data-end=\"2909\">Beim Aufruf einer Seite mit eingebettetem Video wird eine Verbindung zu den Servern dieser Anbieter hergestellt. Dabei wird \u00fcbermittelt, welche unserer Seiten Sie besucht haben und ggf. Ihre IP-Adresse. Wenn Sie in Ihrem YouTube- oder Vimeo-Account eingeloggt sind, erm\u00f6glichen Sie diesen Plattformen, Ihr Surfverhalten direkt Ihrem pers\u00f6nlichen Profil zuzuordnen.<\/p>\n<p data-start=\"2911\" data-end=\"2967\">Weitere Informationen zum Datenschutz finden Sie hier:<\/p>\n<ul data-start=\"2968\" data-end=\"3133\">\n<li data-start=\"2968\" data-end=\"3067\">\n<p data-start=\"2970\" data-end=\"3067\">YouTube: <a class=\"decorated-link cursor-pointer\" target=\"_new\" rel=\"noopener\" data-start=\"2979\" data-end=\"3065\">https:\/\/policies.google.com\/privacy?hl=de<\/a><\/p>\n<\/li>\n<li data-start=\"3068\" data-end=\"3133\">\n<p data-start=\"3070\" data-end=\"3133\">Vimeo: <a class=\"decorated-link cursor-pointer\" target=\"_new\" rel=\"noopener\" data-start=\"3077\" data-end=\"3131\">https:\/\/vimeo.com\/privacy<\/a><\/p>\n<\/li>\n<\/ul>\n<p data-start=\"3135\" data-end=\"3649\"><strong data-start=\"3135\" data-end=\"3154\">Rechtsgrundlage<\/strong>: Ihre Einwilligung nach Art. 6 Abs. 1 lit. a DSGVO, sofern Sie der Daten\u00fcbertragung durch den Klick auf das Video zustimmen.<br data-start=\"3279\" data-end=\"3282\" \/><strong data-start=\"3282\" data-end=\"3291\">Zweck<\/strong>: Darstellung von Videoinhalten.<br data-start=\"3323\" data-end=\"3326\" \/><strong data-start=\"3326\" data-end=\"3347\">Drittlandtransfer<\/strong>: Es kann nicht ausgeschlossen werden, dass Daten an Server in den USA \u00fcbertragen werden. F\u00fcr die USA liegt kein Angemessenheitsbeschluss der EU-Kommission vor. Vimeo und Google (YouTube) haben jedoch Standardvertragsklauseln (SCC) abgeschlossen, um ein angemessenes Datenschutzniveau zu gew\u00e4hrleisten.<\/p>\n<p>\n<\/div><\/div><\/div><\/div><\/div><\/div><div class=\"wpb_column pos-top pos-left align_left column_parent col-lg-6 no-internal-gutter\"><div class=\"uncol style-dark\"  data-skin-change=\"style-dark\"><div class=\"uncoltable\" style=\"min-height: 340px;\"><div class=\"uncell no-block-padding    parallax-el\" data-rellax-percentage=\"0.5\" data-rellax-speed=\"4\"><div class=\"uncont\" ><div class=\"uncode_text_column text-lead\" ><\/p>\n<h3 data-start=\"3656\" data-end=\"3693\"><strong data-start=\"3660\" data-end=\"3693\">5. Kontaktaufnahme per E-Mail<\/strong><\/h3>\n<p data-start=\"3694\" data-end=\"3864\">Wenn Sie uns per E-Mail kontaktieren, werden die von Ihnen \u00fcbermittelten Daten (z. B. Name, E-Mail-Adresse, Nachrichtentext) verarbeitet, um Ihre Anfrage zu bearbeiten.<\/p>\n<p data-start=\"3866\" data-end=\"4261\"><strong data-start=\"3866\" data-end=\"3885\">Rechtsgrundlage<\/strong>: Art. 6 Abs. 1 lit. b DSGVO (Vertragserf\u00fcllung oder vorvertragliche Ma\u00dfnahmen) bzw. Art. 6 Abs. 1 lit. f DSGVO (berechtigtes Interesse an der Beantwortung von Anfragen).<br data-start=\"4055\" data-end=\"4058\" \/><strong data-start=\"4058\" data-end=\"4075\">Speicherdauer<\/strong>: Wir l\u00f6schen Ihre Daten, sobald sie f\u00fcr den Zweck der Kommunikation nicht mehr erforderlich sind, oder schr\u00e4nken die Verarbeitung ein, falls gesetzliche Aufbewahrungspflichten bestehen.<\/p>\n<p>6. Ihre Rechte als betroffene Person<\/p>\n<p data-start=\"4313\" data-end=\"4335\">Sie haben das Recht:<\/p>\n<ul data-start=\"4336\" data-end=\"5179\">\n<li data-start=\"4336\" data-end=\"4438\">\n<p data-start=\"4338\" data-end=\"4438\">gem\u00e4\u00df Art. 15 DSGVO Auskunft \u00fcber Ihre von uns verarbeiteten personenbezogenen Daten zu verlangen,<\/p>\n<\/li>\n<li data-start=\"4439\" data-end=\"4597\">\n<p data-start=\"4441\" data-end=\"4597\">gem\u00e4\u00df Art. 16 DSGVO unverz\u00fcglich die Berichtigung unrichtiger oder die Vervollst\u00e4ndigung Ihrer bei uns gespeicherten personenbezogenen Daten zu verlangen,<\/p>\n<\/li>\n<li data-start=\"4598\" data-end=\"4700\">\n<p data-start=\"4600\" data-end=\"4700\">gem\u00e4\u00df Art. 17 DSGVO die L\u00f6schung Ihrer bei uns gespeicherten personenbezogenen Daten zu verlangen,<\/p>\n<\/li>\n<li data-start=\"4701\" data-end=\"4803\">\n<p data-start=\"4703\" data-end=\"4803\">gem\u00e4\u00df Art. 18 DSGVO die Einschr\u00e4nkung der Verarbeitung Ihrer personenbezogenen Daten zu verlangen,<\/p>\n<\/li>\n<li data-start=\"4804\" data-end=\"5001\">\n<p data-start=\"4806\" data-end=\"5001\">gem\u00e4\u00df Art. 20 DSGVO Ihre personenbezogenen Daten in einem strukturierten, g\u00e4ngigen und maschinenlesbaren Format zu erhalten oder die \u00dcbermittlung an einen anderen Verantwortlichen zu verlangen,<\/p>\n<\/li>\n<li data-start=\"5002\" data-end=\"5179\">\n<p data-start=\"5004\" data-end=\"5179\">gem\u00e4\u00df Art. 77 DSGVO sich bei einer Aufsichtsbeh\u00f6rde zu beschweren (in Bayern: Bayerisches Landesamt f\u00fcr Datenschutzaufsicht, <a class=\"decorated-link cursor-pointer\" target=\"_new\" rel=\"noopener\" data-start=\"5129\" data-end=\"5175\">www.lda.bayern.de<\/a>).<\/p>\n<\/li>\n<\/ul>\n<p>7. Datensicherheit<\/p>\n<p data-start=\"5213\" data-end=\"5417\">Wir verwenden innerhalb des Website-Besuchs das verbreitete SSL-\/TLS-Verfahren (Secure Socket Layer) in Verbindung mit der jeweils h\u00f6chsten Verschl\u00fcsselungsstufe, die von Ihrem Browser unterst\u00fctzt wird.<\/p>\n<p>8. \u00c4nderungen dieser Datenschutzerkl\u00e4rung<\/p>\n<p data-start=\"5474\" data-end=\"5684\">Wir behalten uns vor, diese Datenschutzerkl\u00e4rung k\u00fcnftig anzupassen, um sie an ge\u00e4nderte rechtliche oder technische Anforderungen anzupassen. Es gilt stets die zum Zeitpunkt des Websitebesuchs aktuelle Fassung.<\/p>\n<p>Stand:<\/p>\n<h3 data-start=\"5691\" data-end=\"5720\">Oktober 2025<\/h3>\n<p>\n<\/div><\/div><\/div><\/div><\/div><\/div><script id=\"script-row-unique-2\" data-row=\"script-row-unique-2\" type=\"text\/javascript\" class=\"vc_controls\">UNCODE.initRow(document.getElementById(\"row-unique-2\"));<\/script><\/div><\/div><\/div>\n<\/div>","protected":false},"excerpt":{"rendered":"DATENSCHUTZ \u00b7 DATENSCHUTZ\u00a0\u00b7DATENSCHUTZ \u00b7 DATENSCHUTZ\u00a0\u00b71. Verantwortlicher Rudi BauerLeitenberg 16D-82266 Inning a. AmmerseeDeutschlandE-Mail: contact@rudibauer.com Verantwortlich im Sinne der Datenschutz-Grundverordnung (DSGVO) und [...]","protected":false},"author":1,"featured_media":0,"parent":0,"menu_order":0,"comment_status":"closed","ping_status":"closed","template":"","meta":{"footnotes":""},"class_list":["post-692","page","type-page","status-publish","hentry"],"_links":{"self":[{"href":"https:\/\/rudibauer.com\/en\/wp-json\/wp\/v2\/pages\/692","targetHints":{"allow":["GET"]}}],"collection":[{"href":"https:\/\/rudibauer.com\/en\/wp-json\/wp\/v2\/pages"}],"about":[{"href":"https:\/\/rudibauer.com\/en\/wp-json\/wp\/v2\/types\/page"}],"author":[{"embeddable":true,"href":"https:\/\/rudibauer.com\/en\/wp-json\/wp\/v2\/users\/1"}],"replies":[{"embeddable":true,"href":"https:\/\/rudibauer.com\/en\/wp-json\/wp\/v2\/comments?post=692"}],"version-history":[{"count":7,"href":"https:\/\/rudibauer.com\/en\/wp-json\/wp\/v2\/pages\/692\/revisions"}],"predecessor-version":[{"id":703,"href":"https:\/\/rudibauer.com\/en\/wp-json\/wp\/v2\/pages\/692\/revisions\/703"}],"wp:attachment":[{"href":"https:\/\/rudibauer.com\/en\/wp-json\/wp\/v2\/media?parent=692"}],"curies":[{"name":"wp","href":"https:\/\/api.w.org\/{rel}","templated":true}]}}