{"id":705,"date":"2025-11-05T15:19:17","date_gmt":"2025-11-05T14:19:17","guid":{"rendered":"http:\/\/rudibauer.com\/?page_id=705"},"modified":"2026-02-17T13:02:09","modified_gmt":"2026-02-17T12:02:09","slug":"impressum","status":"publish","type":"page","link":"https:\/\/rudibauer.com\/en\/impressum\/","title":{"rendered":"imprint"},"content":{"rendered":"<div class=\"wpb-content-wrapper\"><div data-parent=\"true\" class=\"vc_row has-bg need-focus style-color-jevc-bg row-container tablet-hidden mobile-hidden\" id=\"row-unique-0\"><div class=\"row triple-top-padding double-bottom-padding exa-h-padding full-width row-parent\"><div class=\"wpb_row row-inner\"><div class=\"wpb_column pos-top pos-center align_left column_parent col-lg-12 single-internal-gutter\"><div class=\"uncol style-dark\"  ><div class=\"uncoltable\"><div class=\"uncell no-block-padding\" ><div class=\"uncont\" ><div class=\"vc_custom_heading_wrap\"><div class=\"heading-text el-text\" data-marquee-speed=\"0\"><h1 class=\"custom font-weight-600 text-color-xsdn-color fontsize-313037-custom font-size-custom text-uppercase un-text-marquee un-marquee un-marquee-infinite\" ><span>IMPRESSUM \u00b7 IMPRESSUM \u00b7<\/span><\/h1><\/div><div class=\"clear\"><\/div><\/div><\/div><\/div><\/div><\/div><\/div><script id=\"script-row-unique-0\" data-row=\"script-row-unique-0\" type=\"text\/javascript\" class=\"vc_controls\">UNCODE.initRow(document.getElementById(\"row-unique-0\"));<\/script><\/div><\/div><\/div><div data-parent=\"true\" class=\"vc_row has-bg need-focus style-color-jevc-bg row-container desktop-hidden\" id=\"row-unique-1\"><div class=\"row triple-top-padding no-bottom-padding exa-h-padding full-width row-parent\"><div class=\"wpb_row row-inner\"><div class=\"wpb_column pos-top pos-center align_left column_parent col-lg-12 single-internal-gutter\"><div class=\"uncol style-dark\"  ><div class=\"uncoltable\"><div class=\"uncell no-block-padding\" ><div class=\"uncont\" ><div class=\"vc_custom_heading_wrap\"><div class=\"heading-text el-text\" data-marquee-speed=\"0\"><h6 class=\"custom font-weight-600 text-color-xsdn-color fontsize-154230-custom font-size-custom text-uppercase un-text-marquee un-marquee un-marquee-infinite\" ><span>IMPRESSUM \u00b7 IMPRESSUM \u00b7<\/span><\/h6><\/div><div class=\"clear\"><\/div><\/div><\/div><\/div><\/div><\/div><\/div><script id=\"script-row-unique-1\" data-row=\"script-row-unique-1\" type=\"text\/javascript\" class=\"vc_controls\">UNCODE.initRow(document.getElementById(\"row-unique-1\"));<\/script><\/div><\/div><\/div><div data-parent=\"true\" class=\"vc_row inverted-device-order style-color-jevc-bg row-container tablet-hidden mobile-hidden\" id=\"row-unique-2\" data-bg-changer=\"row-unique-2\" data-bg-remove=\"style-color-jevc-bg\" data-bg-color=\"style-color-jevc-bg\"><div class=\"row unequal col-quad-gutter single-top-padding quad-bottom-padding exa-h-padding full-width row-parent\" data-height-ratio=\"60\"><div class=\"wpb_row row-inner\"><div class=\"wpb_column pos-middle pos-left align_left column_parent col-lg-6 single-internal-gutter\"><div class=\"uncol style-dark\"  data-skin-change=\"style-dark\"><div class=\"uncoltable\"><div class=\"uncell no-block-padding\" ><div class=\"uncont\" style=\" max-width:90%;\" ><div class=\"uncode_text_column text-lead\" ><p>Rudi Bauer<br \/>\nLeitenberg 16<br \/>\nD-82266 Inning a. Ammersee<br \/>\n<a href=\"mailto:contact@rudibauer.com\">contact@rudibauer.com<\/a><\/p>\n<p>Webdesign: Burke Studio, <a href=\"https:\/\/burke-agentur.de\">www.burke-agentur.de<\/a><\/p>\n<p>Fotografie: Ronni Kotwenzel, <a href=\"http:\/\/www.rkwonline.com\/\" target=\"_blank\" rel=\"noopener\">www.rkwonline.com<\/a><\/p>\n<p>Vielen herzlichen Dank f\u00fcr Eure Inspiration!<\/p>\n<p><b>Haftungshinweis<\/b><br \/>\nTrotz sorgf\u00e4ltiger inhaltlicher Kontrolle \u00fcbernehmen wir keine Haftung f\u00fcr die Inhalte externer Links. F\u00fcr den Inhalt der verlinkten Seiten sind ausschlie\u00dflich deren Betreiber verantwortlich.<\/p>\n<\/div><\/div><\/div><\/div><\/div><\/div><div class=\"wpb_column pos-top pos-left align_left column_parent col-lg-6 no-internal-gutter\"><div class=\"uncol style-dark\"  data-skin-change=\"style-dark\"><div class=\"uncoltable\" style=\"min-height: 340px;\"><div class=\"uncell no-block-padding    parallax-el\" data-rellax-percentage=\"0.5\" data-rellax-speed=\"4\"><div class=\"uncont\" ><\/div><\/div><\/div><\/div><\/div><script id=\"script-row-unique-2\" data-row=\"script-row-unique-2\" type=\"text\/javascript\" class=\"vc_controls\">UNCODE.initRow(document.getElementById(\"row-unique-2\"));<\/script><\/div><\/div><\/div>\n<\/div>","protected":false},"excerpt":{"rendered":"IMPRESSUM \u00b7 IMPRESSUM \u00b7IMPRESSUM \u00b7 IMPRESSUM \u00b7Rudi Bauer Leitenberg 16 D-82266 Inning a. Ammersee contact@rudibauer.com Webdesign: Burke Studio, www.burke-agentur.de Fotografie: [...]","protected":false},"author":1,"featured_media":0,"parent":0,"menu_order":0,"comment_status":"closed","ping_status":"closed","template":"","meta":{"footnotes":""},"class_list":["post-705","page","type-page","status-publish","hentry"],"_links":{"self":[{"href":"https:\/\/rudibauer.com\/en\/wp-json\/wp\/v2\/pages\/705","targetHints":{"allow":["GET"]}}],"collection":[{"href":"https:\/\/rudibauer.com\/en\/wp-json\/wp\/v2\/pages"}],"about":[{"href":"https:\/\/rudibauer.com\/en\/wp-json\/wp\/v2\/types\/page"}],"author":[{"embeddable":true,"href":"https:\/\/rudibauer.com\/en\/wp-json\/wp\/v2\/users\/1"}],"replies":[{"embeddable":true,"href":"https:\/\/rudibauer.com\/en\/wp-json\/wp\/v2\/comments?post=705"}],"version-history":[{"count":2,"href":"https:\/\/rudibauer.com\/en\/wp-json\/wp\/v2\/pages\/705\/revisions"}],"predecessor-version":[{"id":707,"href":"https:\/\/rudibauer.com\/en\/wp-json\/wp\/v2\/pages\/705\/revisions\/707"}],"wp:attachment":[{"href":"https:\/\/rudibauer.com\/en\/wp-json\/wp\/v2\/media?parent=705"}],"curies":[{"name":"wp","href":"https:\/\/api.w.org\/{rel}","templated":true}]}}